{"id":121,"date":"2020-11-21T06:06:38","date_gmt":"2020-11-21T06:06:38","guid":{"rendered":"http:\/\/www.ds-invest.hr\/?page_id=121"},"modified":"2023-01-18T14:27:43","modified_gmt":"2023-01-18T14:27:43","slug":"borik-vitrenjak","status":"publish","type":"page","link":"https:\/\/www.ds-invest.hr\/?page_id=121","title":{"rendered":"Borik Vitrenjak"},"content":{"rendered":"<p>[vc_row][vc_column width=&#8221;1\/3&#8243;][vc_hoverbox image=&#8221;183&#8243; primary_title=&#8221;VITRENJAK 1&#8243; primary_title_font_container=&#8221;font_size:35|color:%23008c20&#8243; primary_title_google_fonts=&#8221;font_family:Black%20Ops%20One%3Aregular|font_style:400%20regular%3A400%3Anormal&#8221; primary_title_css_animation=&#8221;fadeIn&#8221; hover_title=&#8221;Borik Vitrenjak 1&#8243; hover_title_font_container=&#8221;font_size:35|color:rgba(0%2C0%2C0%2C0.77)&#8221; hover_title_google_fonts=&#8221;font_family:Black%20Ops%20One%3Aregular|font_style:400%20regular%3A400%3Anormal&#8221; hover_title_css_animation=&#8221;fadeIn&#8221; shape=&#8221;square&#8221; hover_background_color=&#8221;green&#8221; hover_btn_title=&#8221;Katalog&#8221; hover_btn_style=&#8221;outline&#8221; hover_btn_shape=&#8221;square&#8221; hover_btn_css_animation=&#8221;fadeIn&#8221; css_animation=&#8221;fadeIn&#8221; use_custom_fonts_primary_title=&#8221;true&#8221; use_custom_fonts_hover_title=&#8221;true&#8221; hover_add_button=&#8221;true&#8221; css=&#8221;.vc_custom_1627352900111{background-color: rgba(255,255,255,0.01) !important;*background-color: rgb(255,255,255) !important;border-radius: 2px !important;}&#8221; hover_btn_link=&#8221;url:http%3A%2F%2Fwww.ds-invest.hr%2Fwp-content%2Fuploads%2F2021%2F07%2Fvitrenjak1.pdf&#8221;]<\/p>\n<h4><span style=\"color: #ffffff;\">Borik Vitrenjak 1 su vrhunski apartmani koje prodajemo na moru, pogledajte u katalogu (nacrtu) slobodne apartmane.<\/span><\/h4>\n<p>[\/vc_hoverbox][\/vc_column][vc_column width=&#8221;1\/3&#8243;][vc_hoverbox image=&#8221;184&#8243; primary_title=&#8221;VITRENJAK 2&#8243; primary_title_font_container=&#8221;font_size:35|color:%23008c20&#8243; primary_title_google_fonts=&#8221;font_family:Black%20Ops%20One%3Aregular|font_style:400%20regular%3A400%3Anormal&#8221; primary_title_css_animation=&#8221;fadeIn&#8221; hover_title=&#8221;Borik Vitrenjak 2&#8243; hover_title_font_container=&#8221;font_size:35|color:rgba(0%2C0%2C0%2C0.78)&#8221; hover_title_google_fonts=&#8221;font_family:Black%20Ops%20One%3Aregular|font_style:400%20regular%3A400%3Anormal&#8221; hover_title_css_animation=&#8221;fadeIn&#8221; shape=&#8221;square&#8221; hover_background_color=&#8221;green&#8221; hover_btn_title=&#8221;Katalog&#8221; hover_btn_style=&#8221;outline&#8221; hover_btn_shape=&#8221;square&#8221; hover_btn_css_animation=&#8221;fadeIn&#8221; css_animation=&#8221;fadeIn&#8221; use_custom_fonts_primary_title=&#8221;true&#8221; use_custom_fonts_hover_title=&#8221;true&#8221; hover_add_button=&#8221;true&#8221; css=&#8221;.vc_custom_1631690729161{background-color: rgba(255,255,255,0.01) !important;*background-color: rgb(255,255,255) !important;border-radius: 2px !important;}&#8221; hover_btn_link=&#8221;url:http%3A%2F%2Fwww.ds-invest.hr%2Fwp-content%2Fuploads%2F2021%2F09%2Fvitrenjak2.pdf&#8221;]<\/p>\n<h4><span style=\"color: #ffffff;\">Borik Vitrenjak 2 su vrhunski apartmani koje prodajemo na moru, pogledajte u katalogu (nacrtu) slobodne apartmane.<\/span><\/h4>\n<p>[\/vc_hoverbox][\/vc_column][vc_column width=&#8221;1\/3&#8243;][vc_hoverbox image=&#8221;474&#8243; primary_title=&#8221;VITRENJAK 3&#8243; primary_title_font_container=&#8221;font_size:35|color:%23008c20&#8243; primary_title_google_fonts=&#8221;font_family:Black%20Ops%20One%3Aregular|font_style:400%20regular%3A400%3Anormal&#8221; primary_title_css_animation=&#8221;fadeIn&#8221; hover_title=&#8221;Borik Vitrenjak 3&#8243; hover_title_font_container=&#8221;font_size:35|color:rgba(0%2C0%2C0%2C0.77)&#8221; hover_title_google_fonts=&#8221;font_family:Black%20Ops%20One%3Aregular|font_style:400%20regular%3A400%3Anormal&#8221; hover_title_css_animation=&#8221;fadeIn&#8221; shape=&#8221;square&#8221; hover_background_color=&#8221;green&#8221; hover_btn_title=&#8221;Katalog&#8221; hover_btn_style=&#8221;outline&#8221; hover_btn_shape=&#8221;square&#8221; css_animation=&#8221;fadeIn&#8221; use_custom_fonts_primary_title=&#8221;true&#8221; use_custom_fonts_hover_title=&#8221;true&#8221; hover_add_button=&#8221;true&#8221; css=&#8221;.vc_custom_1674051815387{background-color: rgba(255,255,255,0.01) !important;*background-color: rgb(255,255,255) !important;border-radius: 2px !important;}&#8221; hover_btn_link=&#8221;url:http%3A%2F%2Fwww.ds-invest.hr%2Fwp-content%2Fuploads%2F2021%2F09%2Fvitrenjak3.pdf&#8221;]<\/p>\n<h4><span style=\"color: #ffffff;\">Borik Vitrenjak 3 su vrhunski apartmani koje prodajemo na moru, pogledajte u katalogu (nacrtu) slobodne apartmane.<\/span><\/h4>\n<p>[\/vc_hoverbox][\/vc_column][vc_column][vc_empty_space][\/vc_column][\/vc_row][vc_row][vc_column width=&#8221;1\/2&#8243;][vc_hoverbox image=&#8221;731&#8243; primary_title=&#8221;VITRENJAK 4&#8243; primary_title_font_container=&#8221;font_size:35|color:%23008c20&#8243; primary_title_google_fonts=&#8221;font_family:Black%20Ops%20One%3Aregular|font_style:400%20regular%3A400%3Anormal&#8221; primary_title_css_animation=&#8221;fadeIn&#8221; hover_title=&#8221;Borik Vitrenjak 4&#8243; hover_title_font_container=&#8221;font_size:35|color:rgba(0%2C0%2C0%2C0.77)&#8221; hover_title_google_fonts=&#8221;font_family:Black%20Ops%20One%3Aregular|font_style:400%20regular%3A400%3Anormal&#8221; hover_title_css_animation=&#8221;fadeIn&#8221; shape=&#8221;square&#8221; hover_background_color=&#8221;green&#8221; hover_btn_title=&#8221;Katalog&#8221; hover_btn_style=&#8221;outline&#8221; hover_btn_shape=&#8221;square&#8221; hover_btn_css_animation=&#8221;fadeIn&#8221; css_animation=&#8221;fadeIn&#8221; use_custom_fonts_primary_title=&#8221;true&#8221; use_custom_fonts_hover_title=&#8221;true&#8221; hover_add_button=&#8221;true&#8221; css=&#8221;.vc_custom_1674051979172{background-color: rgba(255,255,255,0.01) !important;*background-color: rgb(255,255,255) !important;border-radius: 2px !important;}&#8221; hover_btn_link=&#8221;url:http%3A%2F%2Fwww.ds-invest.hr%2Fwp-content%2Fuploads%2F2021%2F07%2Fvitrenjak4.pdf&#8221;]<\/p>\n<h4><span style=\"color: #ffffff;\">Borik Vitrenjak 4 su vrhunski apartmani koje prodajemo na moru, pogledajte u katalogu (nacrtu) slobodne apartmane.<\/span><\/h4>\n<p>[\/vc_hoverbox][\/vc_column][vc_column width=&#8221;1\/2&#8243;][vc_hoverbox image=&#8221;732&#8243; primary_title=&#8221;VITRENJAK 5&#8243; primary_title_font_container=&#8221;font_size:35|color:%23008c20&#8243; primary_title_google_fonts=&#8221;font_family:Black%20Ops%20One%3Aregular|font_style:400%20regular%3A400%3Anormal&#8221; primary_title_css_animation=&#8221;fadeIn&#8221; hover_title=&#8221;Borik Vitrenjak 5&#8243; hover_title_font_container=&#8221;font_size:35|color:rgba(0%2C0%2C0%2C0.78)&#8221; hover_title_google_fonts=&#8221;font_family:Black%20Ops%20One%3Aregular|font_style:400%20regular%3A400%3Anormal&#8221; hover_title_css_animation=&#8221;fadeIn&#8221; shape=&#8221;square&#8221; hover_background_color=&#8221;green&#8221; hover_btn_title=&#8221;Katalog&#8221; hover_btn_style=&#8221;outline&#8221; hover_btn_shape=&#8221;square&#8221; hover_btn_css_animation=&#8221;fadeIn&#8221; css_animation=&#8221;fadeIn&#8221; use_custom_fonts_primary_title=&#8221;true&#8221; use_custom_fonts_hover_title=&#8221;true&#8221; hover_add_button=&#8221;true&#8221; css=&#8221;.vc_custom_1674052061602{background-color: rgba(255,255,255,0.01) !important;*background-color: rgb(255,255,255) !important;border-radius: 2px !important;}&#8221; hover_btn_link=&#8221;url:http%3A%2F%2Fwww.ds-invest.hr%2Fwp-content%2Fuploads%2F2021%2F07%2Fvitrenjak5.pdf&#8221;]<\/p>\n<h4><span style=\"color: #ffffff;\">Borik Vitrenjak 5 su vrhunski apartmani koje prodajemo na moru, pogledajte u katalogu (nacrtu) slobodne apartmane.<\/span><\/h4>\n<p>[\/vc_hoverbox][vc_empty_space][\/vc_column][\/vc_row][vc_row][vc_column]<div id=\"ultimate-heading-995669f37b09a6509\" class=\"uvc-heading ult-adjust-bottom-margin ultimate-heading-995669f37b09a6509 uvc-7723 \" data-hspacer=\"line_with_icon\" data-hline_width=\"auto\" data-hicon_type=\"custom\" data-hborder_style=\"solid\" data-hborder_height=\"1\" data-hborder_color=\"#81d742\" data-icon_width=\"48\" data-hfixer=\"10\"  data-halign=\"center\" style=\"text-align:center\"><div class=\"uvc-main-heading ult-responsive\"  data-ultimate-target='.uvc-heading.ultimate-heading-995669f37b09a6509 h3'  data-responsive-json-new='{\"font-size\":\"desktop:30px;\",\"line-height\":\"\"}' ><h3 style=\"font-family:&#039;Hepta Slab&#039;;font-weight:800;color:#008c20;\">TOP Investicija za iznajmljivanje \/ vlastite potrebe \/ iznajmljivanje apartmana ... imamo pravu nekretninu i uslugu za vas.<\/h3><\/div><div class=\"uvc-heading-spacer line_with_icon\" style=\"top\"><div class=\"ult-just-icon-wrapper  \"><div class=\"align-icon\" style=\"text-align:center;\">\n<div class=\"aio-icon-img \" style=\"font-size:48px;display:inline-block;\" >\n\t<img decoding=\"async\" class=\"img-icon\" alt=\"null\" src=\"https:\/\/www.ds-invest.hr\/wp-content\/uploads\/2020\/11\/favicon.png\"\/>\n<\/div><\/div><\/div><\/div><\/div>[\/vc_column][\/vc_row][vc_row][vc_column width=&#8221;1\/3&#8243;]<div id=\"ultimate-heading-760869f37b09a6610\" class=\"uvc-heading ult-adjust-bottom-margin ultimate-heading-760869f37b09a6610 uvc-7855 \" data-hspacer=\"line_with_icon\" data-hline_width=\"auto\" data-hicon_type=\"custom\" data-hborder_style=\"solid\" data-hborder_height=\"1\" data-hborder_color=\"#81d742\" data-icon_width=\"48\" data-hfixer=\"10\"  data-halign=\"left\" style=\"text-align:left\"><div class=\"uvc-main-heading ult-responsive\"  data-ultimate-target='.uvc-heading.ultimate-heading-760869f37b09a6610 h2'  data-responsive-json-new='{\"font-size\":\"desktop:22px;\",\"line-height\":\"\"}' ><h2 style=\"font-family:&#039;Black Ops One&#039;;font-weight:normal;color:#000000;\">Nedaleko od starog grada Zadra i tik uz marinu, luksuzni smje\u0161taj bit \u0107e izgra\u0111en 2021.\/22.<\/h2><\/div><div class=\"uvc-heading-spacer line_with_icon\" style=\"top\"><div class=\"ult-just-icon-wrapper  \"><div class=\"align-icon\" style=\"text-align:left;\">\n<div class=\"aio-icon-img \" style=\"font-size:48px;display:inline-block;\" >\n\t<img decoding=\"async\" class=\"img-icon\" alt=\"null\" src=\"https:\/\/www.ds-invest.hr\/wp-content\/uploads\/2020\/11\/favicon.png\"\/>\n<\/div><\/div><\/div><\/div><\/div>[\/vc_column][vc_column width=&#8221;1\/3&#8243;]<div id=\"ultimate-heading-816569f37b09a66df\" class=\"uvc-heading ult-adjust-bottom-margin ultimate-heading-816569f37b09a66df uvc-2862 \" data-hspacer=\"line_with_icon\" data-hline_width=\"auto\" data-hicon_type=\"custom\" data-hborder_style=\"solid\" data-hborder_height=\"1\" data-hborder_color=\"#81d742\" data-icon_width=\"48\" data-hfixer=\"10\"  data-halign=\"left\" style=\"text-align:left\"><div class=\"uvc-main-heading ult-responsive\"  data-ultimate-target='.uvc-heading.ultimate-heading-816569f37b09a66df h2'  data-responsive-json-new='{\"font-size\":\"desktop:22px;\",\"line-height\":\"\"}' ><h2 style=\"font-family:&#039;Black Ops One&#039;;font-weight:normal;color:#000000;\">Prodaju se moderni stanovi u atraktivnom vi\u0161estambenom objektu koji se sastoji od 3 zgrade na 3 eta\u017ee, odnosno 6-7 stambenih jedinica po zgradi na spektakularnoj lokaciji u Zadru, na Vitrenjaku.<\/h2><\/div><div class=\"uvc-heading-spacer line_with_icon\" style=\"top\"><div class=\"ult-just-icon-wrapper  \"><div class=\"align-icon\" style=\"text-align:left;\">\n<div class=\"aio-icon-img \" style=\"font-size:48px;display:inline-block;\" >\n\t<img decoding=\"async\" class=\"img-icon\" alt=\"null\" src=\"https:\/\/www.ds-invest.hr\/wp-content\/uploads\/2020\/11\/favicon.png\"\/>\n<\/div><\/div><\/div><\/div><\/div>[\/vc_column][vc_column width=&#8221;1\/3&#8243;]<div id=\"ultimate-heading-686169f37b09a67b6\" class=\"uvc-heading ult-adjust-bottom-margin ultimate-heading-686169f37b09a67b6 uvc-9274 \" data-hspacer=\"line_with_icon\" data-hline_width=\"auto\" data-hicon_type=\"custom\" data-hborder_style=\"solid\" data-hborder_height=\"1\" data-hborder_color=\"#81d742\" data-icon_width=\"48\" data-hfixer=\"10\"  data-halign=\"left\" style=\"text-align:left\"><div class=\"uvc-main-heading ult-responsive\"  data-ultimate-target='.uvc-heading.ultimate-heading-686169f37b09a67b6 h2'  data-responsive-json-new='{\"font-size\":\"desktop:22px;\",\"line-height\":\"\"}' ><h2 style=\"font-family:&#039;Black Ops One&#039;;font-weight:normal;color:#000000;\">Zgrade se sastoje od prizemlja i dva kata povezanih stubi\u0161tem i dizalom. U prizemlju se prodaje stan s vrtom i mogu\u0107nosti s vlastitim bazenom.<\/h2><\/div><div class=\"uvc-heading-spacer line_with_icon\" style=\"top\"><div class=\"ult-just-icon-wrapper  \"><div class=\"align-icon\" style=\"text-align:left;\">\n<div class=\"aio-icon-img \" style=\"font-size:48px;display:inline-block;\" >\n\t<img decoding=\"async\" class=\"img-icon\" alt=\"null\" src=\"https:\/\/www.ds-invest.hr\/wp-content\/uploads\/2020\/11\/favicon.png\"\/>\n<\/div><\/div><\/div><\/div><\/div>[\/vc_column][\/vc_row][vc_row bg_type=&#8221;image&#8221; parallax_style=&#8221;vcpb-animated&#8221; bg_image_new=&#8221;id^378|url^http:\/\/www.ds-invest.hr\/wp-content\/uploads\/2020\/12\/vitrenjak1_hover.jpg|caption^null|alt^null|title^vitrenjak1_hover|description^null&#8221; bg_image_size=&#8221;contain&#8221;][vc_column]<div id=\"ultimate-heading-193069f37b09a67e9\" class=\"uvc-heading ult-adjust-bottom-margin ultimate-heading-193069f37b09a67e9 uvc-288 \" data-hspacer=\"no_spacer\"  data-halign=\"left\" style=\"text-align:left\"><div class=\"uvc-heading-spacer no_spacer\" style=\"top\"><\/div><div class=\"uvc-main-heading ult-responsive\"  data-ultimate-target='.uvc-heading.ultimate-heading-193069f37b09a67e9 h2'  data-responsive-json-new='{\"font-size\":\"desktop:20px;\",\"line-height\":\"\"}' ><h2 style=\"font-family:&#039;Hepta Slab&#039;;font-weight:600;color:#000000;\">Za unutarnje ure\u0111enje odabrana je vrhunska oprema modernog dizajna te je postignut savr\u0161en odnos kvalitete, dugotrajnosti i funkcionalnosti.<\/h2><\/div><\/div>[vc_separator color=&#8221;green&#8221;]<div id=\"ultimate-heading-870069f37b09a6815\" class=\"uvc-heading ult-adjust-bottom-margin ultimate-heading-870069f37b09a6815 uvc-6928 \" data-hspacer=\"no_spacer\"  data-halign=\"left\" style=\"text-align:left\"><div class=\"uvc-heading-spacer no_spacer\" style=\"top\"><\/div><div class=\"uvc-main-heading ult-responsive\"  data-ultimate-target='.uvc-heading.ultimate-heading-870069f37b09a6815 h2'  data-responsive-json-new='{\"font-size\":\"desktop:20px;\",\"line-height\":\"\"}' ><h2 style=\"font-family:&#039;Hepta Slab&#039;;font-weight:600;color:#000000;\">Stanovi od 45-110 m\u00b2 imaju puno svjetlosti radi savr\u0161ene orijentacije u prostoru. Stolarija je od antracit aluminijskih profila i troslojnog stakla s elektri\u010dnim roletama i komarnicima.<\/h2><\/div><\/div>[vc_separator color=&#8221;green&#8221;]<div id=\"ultimate-heading-331369f37b09a683b\" class=\"uvc-heading ult-adjust-bottom-margin ultimate-heading-331369f37b09a683b uvc-2376 \" data-hspacer=\"no_spacer\"  data-halign=\"left\" style=\"text-align:left\"><div class=\"uvc-heading-spacer no_spacer\" style=\"top\"><\/div><div class=\"uvc-main-heading ult-responsive\"  data-ultimate-target='.uvc-heading.ultimate-heading-331369f37b09a683b h2'  data-responsive-json-new='{\"font-size\":\"desktop:20px;\",\"line-height\":\"\"}' ><h2 style=\"font-family:&#039;Hepta Slab&#039;;font-weight:600;color:#000000;\">Odli\u010dnim energetskim svojstvima zgrade pridonosi fasada oblo\u017eena termoizolacijom debljine 10 cm. Kvaliteta gradnje i spomenuta dobra izolacija rezultiraju u o\u010dekivanom energetskom certifikatu visoke ocjene A.<\/h2><\/div><\/div>[vc_separator color=&#8221;green&#8221;]<div id=\"ultimate-heading-622469f37b09a68fd\" class=\"uvc-heading ult-adjust-bottom-margin ultimate-heading-622469f37b09a68fd uvc-9004 \" data-hspacer=\"line_with_icon\" data-hline_width=\"auto\" data-hicon_type=\"custom\" data-hborder_style=\"solid\" data-hborder_height=\"1\" data-hborder_color=\"#81d742\" data-icon_width=\"48\" data-hfixer=\"10\"  data-halign=\"left\" style=\"text-align:left\"><div class=\"uvc-main-heading ult-responsive\"  data-ultimate-target='.uvc-heading.ultimate-heading-622469f37b09a68fd h2'  data-responsive-json-new='{\"font-size\":\"desktop:20px;\",\"line-height\":\"\"}' ><h2 style=\"font-family:&#039;Hepta Slab&#039;;font-weight:600;color:#000000;\">Podovi su oblo\u017eeni plo\u010dicama i parketom vrhunske kvalitete. Za grijanje je instaliran sustav elektri\u010dnog podnog grijanja. Svaki stan je opremljen protuprovalnim i protupo\u017earna vratima, klima ure\u0111ajem u svakoj prostoriji, te videportafonom najnovije generacije.<\/h2><\/div><div class=\"uvc-heading-spacer line_with_icon\" style=\"top\"><div class=\"ult-just-icon-wrapper  \"><div class=\"align-icon\" style=\"text-align:left;\">\n<div class=\"aio-icon-img \" style=\"font-size:48px;display:inline-block;\" >\n\t<img decoding=\"async\" class=\"img-icon\" alt=\"null\" src=\"https:\/\/www.ds-invest.hr\/wp-content\/uploads\/2020\/11\/favicon.png\"\/>\n<\/div><\/div><\/div><\/div><\/div>[\/vc_column][\/vc_row][vc_row][vc_column]<div id=\"ultimate-heading-512069f37b09a69be\" class=\"uvc-heading ult-adjust-bottom-margin ultimate-heading-512069f37b09a69be uvc-3676 \" data-hspacer=\"line_with_icon\" data-hline_width=\"auto\" data-hicon_type=\"custom\" data-hborder_style=\"solid\" data-hborder_height=\"1\" data-hborder_color=\"#81d742\" data-icon_width=\"48\" data-hfixer=\"10\"  data-halign=\"center\" style=\"text-align:center\"><div class=\"uvc-main-heading ult-responsive\"  data-ultimate-target='.uvc-heading.ultimate-heading-512069f37b09a69be h2'  data-responsive-json-new='{\"font-size\":\"desktop:25px;\",\"line-height\":\"\"}' ><h2 style=\"font-family:&#039;Hepta Slab&#039;;font-weight:700;color:#008c20;\">Pa\u017eljivo odabrani visokokvalitetni materijali, moderan dizajn, visoka elektroenergetska u\u010dinkovitost, pomno ure\u0111en okoli\u0161 s ure\u0111enim zelenim povr\u0161inama, prilazom i parkingom i terasom.<\/h2><\/div><div class=\"uvc-heading-spacer line_with_icon\" style=\"top\"><div class=\"ult-just-icon-wrapper  \"><div class=\"align-icon\" style=\"text-align:center;\">\n<div class=\"aio-icon-img \" style=\"font-size:48px;display:inline-block;\" >\n\t<img decoding=\"async\" class=\"img-icon\" alt=\"null\" src=\"https:\/\/www.ds-invest.hr\/wp-content\/uploads\/2020\/11\/favicon.png\"\/>\n<\/div><\/div><\/div><\/div><\/div>[\/vc_column][\/vc_row][vc_row][vc_column width=&#8221;1\/4&#8243;]<div id=\"ultimate-heading-389169f37b09a6a7f\" class=\"uvc-heading ult-adjust-bottom-margin ultimate-heading-389169f37b09a6a7f uvc-3924 \" data-hspacer=\"line_with_icon\" data-hline_width=\"auto\" data-hicon_type=\"custom\" data-hborder_style=\"solid\" data-hborder_height=\"1\" data-hborder_color=\"#81d742\" data-icon_width=\"48\" data-hfixer=\"10\"  data-halign=\"left\" style=\"text-align:left\"><div class=\"uvc-main-heading ult-responsive\"  data-ultimate-target='.uvc-heading.ultimate-heading-389169f37b09a6a7f h2'  data-responsive-json-new='{\"font-size\":\"desktop:26px;\",\"line-height\":\"\"}' ><h2 style=\"font-family:&#039;Hepta Slab&#039;;font-weight:600;color:#000000;\">Svaki stan ima dva pripadaju\u0107a parkirna mjesta.<\/h2><\/div><div class=\"uvc-heading-spacer line_with_icon\" style=\"top\"><div class=\"ult-just-icon-wrapper  \"><div class=\"align-icon\" style=\"text-align:left;\">\n<div class=\"aio-icon-img \" style=\"font-size:48px;display:inline-block;\" >\n\t<img decoding=\"async\" class=\"img-icon\" alt=\"null\" src=\"https:\/\/www.ds-invest.hr\/wp-content\/uploads\/2020\/11\/favicon.png\"\/>\n<\/div><\/div><\/div><\/div><\/div>[\/vc_column][vc_column width=&#8221;3\/4&#8243;]<div id=\"ultimate-heading-682069f37b09a6b60\" class=\"uvc-heading ult-adjust-bottom-margin ultimate-heading-682069f37b09a6b60 uvc-3051 \" data-hspacer=\"line_with_icon\" data-hline_width=\"auto\" data-hicon_type=\"custom\" data-hborder_style=\"solid\" data-hborder_height=\"1\" data-hborder_color=\"#81d742\" data-icon_width=\"48\" data-hfixer=\"10\"  data-halign=\"left\" style=\"text-align:left\"><div class=\"uvc-main-heading ult-responsive\"  data-ultimate-target='.uvc-heading.ultimate-heading-682069f37b09a6b60 h2'  data-responsive-json-new='{\"font-size\":\"desktop:30px;\",\"line-height\":\"\"}' ><h2 style=\"font-family:&#039;Hepta Slab&#039;;font-weight:600;color:#000000;\">Objekt je u blizini mora s predivnim pogledom na more, otoke i cijeli grad.<\/h2><\/div><div class=\"uvc-heading-spacer line_with_icon\" style=\"top\"><div class=\"ult-just-icon-wrapper  \"><div class=\"align-icon\" style=\"text-align:left;\">\n<div class=\"aio-icon-img \" style=\"font-size:48px;display:inline-block;\" >\n\t<img decoding=\"async\" class=\"img-icon\" alt=\"null\" src=\"https:\/\/www.ds-invest.hr\/wp-content\/uploads\/2020\/11\/favicon.png\"\/>\n<\/div><\/div><\/div><\/div><\/div>[\/vc_column][\/vc_row][vc_row][vc_column]<div class='dt-sc-pr-tb-col '><div class=\"dt-sc-tb-header\"><div class=\"dt-sc-tb-title\"><h5>Vi\u0161e informacija na upit<\/h5><p>Planiran zavr\u0161etak je na jesen 2021.<\/p><\/div><div class=\"dt-sc-price\"><h6> <sup><\/sup><\/h6><\/div><\/div><h3 style=\"text-align: center;\">Kupac je oslobo\u0111en poreza jer kupuje nekretninu od pravne osobe, investitora.<\/h3><\/div>[\/vc_column][\/vc_row][vc_row][vc_column width=&#8221;1\/4&#8243;]<div id=\"ultimate-heading-627469f37b09a6bfa\" class=\"uvc-heading ult-adjust-bottom-margin ultimate-heading-627469f37b09a6bfa uvc-4918 \" data-hspacer=\"no_spacer\"  data-halign=\"left\" style=\"text-align:left\"><div class=\"uvc-heading-spacer no_spacer\" style=\"top\"><\/div><div class=\"uvc-main-heading ult-responsive\"  data-ultimate-target='.uvc-heading.ultimate-heading-627469f37b09a6bfa h2'  data-responsive-json-new='{\"font-size\":\"desktop:27px;\",\"line-height\":\"\"}' ><h2 style=\"font-family:&#039;Hepta Slab&#039;;font-weight:700;color:#008c20;\">LOKACIJA<\/h2><\/div><div class=\"uvc-sub-heading ult-responsive\"  data-ultimate-target='.uvc-heading.ultimate-heading-627469f37b09a6bfa .uvc-sub-heading '  data-responsive-json-new='{\"font-size\":\"desktop:13px;\",\"line-height\":\"\"}'  style=\"font-family:&#039;Hepta Slab&#039;;font-weight:500;color:#1e73be;\"><\/p>\n<h6 style=\"text-align: left;\"><span style=\"color: #008c20;\">Borik je dio grada poznat po ure\u0111enim pje\u0161\u010danim i \u0161ljun\u010danim pla\u017eama oboga\u0107enima sadr\u017eajima za zabavu i rekreaciju. Zbog\u00a0lako dostupnih kupali\u0161ta Borik se preporu\u010da obiteljima s djecom, a raznovrsnost sportskih sadr\u017eaja i blizina centra Zadra \u010dine ga izrazito privla\u010dnima mladima i ljubiteljima aktivnog odmora. Ovaj dio grada odli\u010dno je povezan linijama gradskog prijevoza, a obiluje restoranima, kafi\u0107ima, no\u0107nim klubovima i parkovima za djecu.<\/span><\/h6>\n<p><\/div><\/div>[\/vc_column][vc_column width=&#8221;3\/4&#8243;][vc_gmaps link=&#8221;#E-8_JTNDaWZyYW1lJTIwc3JjJTNEJTIyaHR0cHMlM0ElMkYlMkZ3d3cuZ29vZ2xlLmNvbSUyRm1hcHMlMkZlbWJlZCUzRnBiJTNEJTIxMW0xOCUyMTFtMTIlMjExbTMlMjExZDI4NjMuNjc3ODMwNTUzODY4NyUyMTJkMTUuMjEyNDkzNzE0ODk4Njc2JTIxM2Q0NC4xMzEyNjY5Mjk0MDQxMyUyMTJtMyUyMTFmMCUyMTJmMCUyMTNmMCUyMTNtMiUyMTFpMTAyNCUyMTJpNzY4JTIxNGYxMy4xJTIxM20zJTIxMW0yJTIxMXMweDQ3NjFmMGE4YTg5MDcwNTUlMjUzQTB4MzZkNzIxZjQ5NjFiYThmOCUyMTJzVWwuJTI1MjBBdWd1c3RhJTI1MjBDZXNhcmNhJTI1MjAxMyUyNTJDJTI1MjAyMzAwMCUyNTJDJTI1MjBaYWRhciUyMTVlMCUyMTNtMiUyMTFzaHIlMjEyc2hyJTIxNHYxNjA4MjAxMDE3NTkyJTIxNW0yJTIxMXNociUyMTJzaHIlMjIlMjB3aWR0aCUzRCUyMjYwMCUyMiUyMGhlaWdodCUzRCUyMjQ1MCUyMiUyMGZyYW1lYm9yZGVyJTNEJTIyMCUyMiUyMHN0eWxlJTNEJTIyYm9yZGVyJTNBMCUzQiUyMiUyMGFsbG93ZnVsbHNjcmVlbiUzRCUyMiUyMiUyMGFyaWEtaGlkZGVuJTNEJTIyZmFsc2UlMjIlMjB0YWJpbmRleCUzRCUyMjAlMjIlM0UlM0MlMkZpZnJhbWUlM0U=&#8221;][\/vc_column][\/vc_row]<\/p>\n","protected":false},"excerpt":{"rendered":"<p>[vc_row][vc_column width=&#8221;1\/3&#8243;][vc_hoverbox image=&#8221;183&#8243; primary_title=&#8221;VITRENJAK 1&#8243; primary_title_font_container=&#8221;font_size:35|color:%23008c20&#8243; primary_title_google_fonts=&#8221;font_family:Black%20Ops%20One%3Aregular|font_style:400%20regular%3A400%3Anormal&#8221; primary_title_css_animation=&#8221;fadeIn&#8221; hover_title=&#8221;Borik Vitrenjak 1&#8243; hover_title_font_container=&#8221;font_size:35|color:rgba(0%2C0%2C0%2C0.77)&#8221; hover_title_google_fonts=&#8221;font_family:Black%20Ops%20One%3Aregular|font_style:400%20regular%3A400%3Anormal&#8221; hover_title_css_animation=&#8221;fadeIn&#8221; shape=&#8221;square&#8221; hover_background_color=&#8221;green&#8221; hover_btn_title=&#8221;Katalog&#8221; hover_btn_style=&#8221;outline&#8221; hover_btn_shape=&#8221;square&#8221; hover_btn_css_animation=&#8221;fadeIn&#8221; css_animation=&#8221;fadeIn&#8221; use_custom_fonts_primary_title=&#8221;true&#8221; use_custom_fonts_hover_title=&#8221;true&#8221; hover_add_button=&#8221;true&#8221; css=&#8221;.vc_custom_1627352900111{background-color: rgba(255,255,255,0.01) !important;*background-color: rgb(255,255,255) !important;border-radius: 2px !important;}&#8221; hover_btn_link=&#8221;url:http%3A%2F%2Fwww.ds-invest.hr%2Fwp-content%2Fuploads%2F2021%2F07%2Fvitrenjak1.pdf&#8221;] Borik Vitrenjak 1 su vrhunski apartmani koje prodajemo na moru, pogledajte u katalogu (nacrtu) slobodne apartmane. [\/vc_hoverbox][\/vc_column][vc_column width=&#8221;1\/3&#8243;][vc_hoverbox image=&#8221;184&#8243; primary_title=&#8221;VITRENJAK 2&#8243; primary_title_font_container=&#8221;font_size:35|color:%23008c20&#8243; primary_title_google_fonts=&#8221;font_family:Black%20Ops%20One%3Aregular|font_style:400%20regular%3A400%3Anormal&#8221; [&hellip;]<\/p>\n","protected":false},"author":1,"featured_media":0,"parent":34,"menu_order":0,"comment_status":"closed","ping_status":"closed","template":"","meta":{"footnotes":""},"class_list":["post-121","page","type-page","status-publish","hentry"],"_links":{"self":[{"href":"https:\/\/www.ds-invest.hr\/index.php?rest_route=\/wp\/v2\/pages\/121","targetHints":{"allow":["GET"]}}],"collection":[{"href":"https:\/\/www.ds-invest.hr\/index.php?rest_route=\/wp\/v2\/pages"}],"about":[{"href":"https:\/\/www.ds-invest.hr\/index.php?rest_route=\/wp\/v2\/types\/page"}],"author":[{"embeddable":true,"href":"https:\/\/www.ds-invest.hr\/index.php?rest_route=\/wp\/v2\/users\/1"}],"replies":[{"embeddable":true,"href":"https:\/\/www.ds-invest.hr\/index.php?rest_route=%2Fwp%2Fv2%2Fcomments&post=121"}],"version-history":[{"count":135,"href":"https:\/\/www.ds-invest.hr\/index.php?rest_route=\/wp\/v2\/pages\/121\/revisions"}],"predecessor-version":[{"id":733,"href":"https:\/\/www.ds-invest.hr\/index.php?rest_route=\/wp\/v2\/pages\/121\/revisions\/733"}],"up":[{"embeddable":true,"href":"https:\/\/www.ds-invest.hr\/index.php?rest_route=\/wp\/v2\/pages\/34"}],"wp:attachment":[{"href":"https:\/\/www.ds-invest.hr\/index.php?rest_route=%2Fwp%2Fv2%2Fmedia&parent=121"}],"curies":[{"name":"wp","href":"https:\/\/api.w.org\/{rel}","templated":true}]}}