{"id":230,"date":"2020-12-16T16:26:58","date_gmt":"2020-12-16T16:26:58","guid":{"rendered":"http:\/\/www.ds-invest.hr\/?page_id=230"},"modified":"2021-02-04T19:54:05","modified_gmt":"2021-02-04T19:54:05","slug":"uber-uns","status":"publish","type":"page","link":"https:\/\/www.ds-invest.hr\/?page_id=230&lang=de","title":{"rendered":"\u00dcBER UNS"},"content":{"rendered":"\n<p class=\"has-secondary-color has-text-color has-medium-font-size\">Die Firma \u201e<strong>DS INVEST<\/strong>\u201c wurde von erfolgreichen Gesch\u00e4ftsleuten gegr\u00fcndet, um ihre Idee eines neuen Konzeptes f\u00fcr vorausschauende Immobilieninvestments zu realisieren.<\/p>\n\n\n\n<p class=\"has-secondary-color has-text-color has-medium-font-size\">Der Gedanke hinter dieser Idee ist es unseren Kunden und Freunden, die sich bem\u00fchen die Lebensqualit\u00e4t auf h\u00f6chstem Niveau zu verbessern, eine M\u00f6glichkeit zu bieten in das sogenannte Betongold zu investieren ohne Angst vor einem gro\u00dfen Aufwand.<\/p>\n\n\n\n<p class=\"has-secondary-color has-text-color has-medium-font-size\">Unsere Mission ist es, die angesehenste Immobilieninvestition und &#8211; Verwaltungsgesellschaft zu werden. Durch zus\u00e4tzliche Dienstleistungen rund um Immobilien (<strong>Finanzierung, Reinigung, Vermietung, Verwaltung etc.<\/strong>) verbessern Sie Ihre Lebensqualit\u00e4t und genie\u00dfen Ihr Leben. Dabei haben Sie in das bekannte Betongold ohne Risiko investiert. <\/p>\n\n\n\n<p class=\"has-secondary-color has-text-color has-medium-font-size\">Nach langj\u00e4hriger Erfahrung im Bauwesen und den damit verbundenen T\u00e4tigkeiten wurde die Entscheidung getroffen, auf h\u00f6chstem Niveau in Bezug auf Bau, Landschaftsgestaltung und Betrieb zu setzen.<\/p>\n","protected":false},"excerpt":{"rendered":"<p>Die Firma \u201eDS INVEST\u201c wurde von erfolgreichen Gesch\u00e4ftsleuten gegr\u00fcndet, um ihre Idee eines neuen Konzeptes f\u00fcr vorausschauende Immobilieninvestments zu realisieren. Der Gedanke hinter dieser Idee ist es unseren Kunden und Freunden, die sich bem\u00fchen die Lebensqualit\u00e4t auf h\u00f6chstem Niveau zu verbessern, eine M\u00f6glichkeit zu bieten in das sogenannte Betongold zu investieren ohne Angst vor einem [&hellip;]<\/p>\n","protected":false},"author":1,"featured_media":0,"parent":0,"menu_order":0,"comment_status":"closed","ping_status":"closed","template":"","meta":{"footnotes":""},"class_list":["post-230","page","type-page","status-publish","hentry"],"_links":{"self":[{"href":"https:\/\/www.ds-invest.hr\/index.php?rest_route=\/wp\/v2\/pages\/230","targetHints":{"allow":["GET"]}}],"collection":[{"href":"https:\/\/www.ds-invest.hr\/index.php?rest_route=\/wp\/v2\/pages"}],"about":[{"href":"https:\/\/www.ds-invest.hr\/index.php?rest_route=\/wp\/v2\/types\/page"}],"author":[{"embeddable":true,"href":"https:\/\/www.ds-invest.hr\/index.php?rest_route=\/wp\/v2\/users\/1"}],"replies":[{"embeddable":true,"href":"https:\/\/www.ds-invest.hr\/index.php?rest_route=%2Fwp%2Fv2%2Fcomments&post=230"}],"version-history":[{"count":3,"href":"https:\/\/www.ds-invest.hr\/index.php?rest_route=\/wp\/v2\/pages\/230\/revisions"}],"predecessor-version":[{"id":511,"href":"https:\/\/www.ds-invest.hr\/index.php?rest_route=\/wp\/v2\/pages\/230\/revisions\/511"}],"wp:attachment":[{"href":"https:\/\/www.ds-invest.hr\/index.php?rest_route=%2Fwp%2Fv2%2Fmedia&parent=230"}],"curies":[{"name":"wp","href":"https:\/\/api.w.org\/{rel}","templated":true}]}}